{"id":13143,"date":"2025-03-06T17:06:42","date_gmt":"2025-03-06T17:06:42","guid":{"rendered":"https:\/\/cooldogsmanmat.nl\/?page_id=13143"},"modified":"2026-01-13T16:04:02","modified_gmt":"2026-01-13T16:04:02","slug":"treklijnen-voor-step-en-fiets","status":"publish","type":"page","link":"https:\/\/cooldogsmanmat.nl\/de\/steppen\/zuglinie-step-fahrrad\/","title":{"rendered":"Zuglinie Step\/Fahrrad"},"content":{"rendered":"[Reihe] [Spalte span__sm=&#8220;12&#8243;] <div class=\"container section-title-container\" style=\"margin-top:60px;max-width:600px;\"><h3 class=\"section-title section-title-bold-center\"><b aria-hidden=\"true\"><\/b><span class=\"section-title-main\" >Ziehlinien f\u00fcr einen Roller oder ein Fahrrad ziehen<\/span><b aria-hidden=\"true\"><\/b><\/h3><\/div>Innerhalb der categorie <strong>Steppen\/Fahrrad<\/strong> Auf cooldogs.nl finden Sie verschiedene Zuglinien, die jeweils f\u00fcr eine sichere und komfortable Verwendung beim Treten oder Radfahren mit Ihrem Hund konzipiert sind. Es stehen verschiedene Ausf\u00fchrungen zur Verf\u00fcgung, die auf die Anzahl der Hunde und den gew\u00fcnschten D\u00e4mpfungsgrad zugeschnitten sind, so dass St\u00f6\u00dfe sowohl f\u00fcr Mensch als auch f\u00fcr Tier begrenzt sind. Aus Sicherheitsgr\u00fcnden ist es wichtig, immer eines zu haben <strong><a href=\"https:\/\/cooldogsmanmat.nl\/nl\/product\/touwgeleider-bikeantenne-voor-step-fiets\/\">Seilf\u00fchrung<\/a><\/strong> kann auf dem Roller oder Fahrrad verwendet werden. Dadurch wird sichergestellt, dass die Zugleine aus dem Vorderrad herausbleibt, was das Unfallrisiko deutlich reduziert und zu einer entspannten und kontrollierten Fahrt beitr\u00e4gt.\r\n\r\n[\/Spalte] [\/Reihe] [Reihe] [Spalte span=&#8220;3&#8243; span__sm=&#8220;6&#8243;] [Titelstil=&#8220;fett-Mitte&#8220; Text=&#8220;Schritt\/Fahrradlinie 1 Hund&#8220; Breite=&#8220;300px&#8220;] \t<div class=\"img has-hover x md-x lg-x y md-y lg-y\" id=\"image_1856732638\">\n\t\t\t\t\t\t\t\t<div class=\"img-inner dark\" >\n\t\t\t<img loading=\"lazy\" decoding=\"async\" width=\"231\" height=\"800\" src=\"https:\/\/cooldogsmanmat.nl\/wp-content\/uploads\/Fotos_artikelen\/Overige_merken\/Steppen\/steppen-steplijn-1hond-met-demper-compleet.jpg\" class=\"attachment-original size-original\" alt=\"\" \/>\t\t\t\t\t\t\n\t\t\t\t\t<\/div>\n\t\t\t\t\t\t\t\t\n<style>\n#image_1856732638 {\n  width: 30%;\n}\n<\/style>\n\t<\/div>\n\t [Button text=&#8220;Informationen und Bestellung&#8220; size=&#8220;small&#8220; icon=&#8220;icon-shopping-basket&#8220; link=&#8220;https:\/\/cooldogsmanmat.nl\/nl\/product\/step-fiets-lijn-voor-1-hond-compleet-met-demper\/&#8220;] [\/Spalte] [Spalte span=&#8220;3&#8243; span__sm=&#8220;6&#8243;] [Titelstil=&#8220;fett-Mitte&#8220; Text=&#8220;Schritt-\/Fahrradlinie 2 Hunde&#8220; Breite=&#8220;300px&#8220;] \t<div class=\"img has-hover x md-x lg-x y md-y lg-y\" id=\"image_855545803\">\n\t\t\t\t\t\t\t\t<div class=\"img-inner dark\" >\n\t\t\t<img loading=\"lazy\" decoding=\"async\" width=\"1080\" height=\"1920\" src=\"https:\/\/cooldogsmanmat.nl\/wp-content\/uploads\/2025\/05\/Benne_step_Strohen.jpg\" class=\"attachment-original size-original\" alt=\"\" srcset=\"https:\/\/cooldogsmanmat.nl\/wp-content\/uploads\/2025\/05\/Benne_step_Strohen.jpg 1080w, https:\/\/cooldogsmanmat.nl\/wp-content\/uploads\/2025\/05\/Benne_step_Strohen-169x300.jpg 169w, https:\/\/cooldogsmanmat.nl\/wp-content\/uploads\/2025\/05\/Benne_step_Strohen-576x1024.jpg 576w, https:\/\/cooldogsmanmat.nl\/wp-content\/uploads\/2025\/05\/Benne_step_Strohen-768x1365.jpg 768w, https:\/\/cooldogsmanmat.nl\/wp-content\/uploads\/2025\/05\/Benne_step_Strohen-864x1536.jpg 864w, https:\/\/cooldogsmanmat.nl\/wp-content\/uploads\/2025\/05\/Benne_step_Strohen-14x24.jpg 14w, https:\/\/cooldogsmanmat.nl\/wp-content\/uploads\/2025\/05\/Benne_step_Strohen-20x36.jpg 20w, https:\/\/cooldogsmanmat.nl\/wp-content\/uploads\/2025\/05\/Benne_step_Strohen-27x48.jpg 27w, https:\/\/cooldogsmanmat.nl\/wp-content\/uploads\/2025\/05\/Benne_step_Strohen-800x1422.jpg 800w\" sizes=\"auto, (max-width: 1080px) 100vw, 1080px\" \/>\t\t\t\t\t\t\n\t\t\t\t\t<\/div>\n\t\t\t\t\t\t\t\t\n<style>\n#image_855545803 {\n  width: 55%;\n}\n<\/style>\n\t<\/div>\n\t [Button text=&#8220;Informationen und Bestellung&#8220; size=&#8220;small&#8220; icon=&#8220;icon-shopping-basket&#8220; link=&#8220;https:\/\/cooldogsmanmat.nl\/nl\/product\/step-fiets-lijn-voor-2-honden-compleet-met-demper-naast-elkaarincl-neklijn\/&#8220;] [\/Spalte] [Spalte span=&#8220;3&#8243; span__sm=&#8220;6&#8243;] [Titelstil=&#8220;fett-Mitte&#8220; Text=&#8220;Schritt-\/Fahrradlinie 2\/3 Hunde (einer nach dem anderen)&#8220; Breite=&#8220;300px&#8220;] \t<div class=\"img has-hover x md-x lg-x y md-y lg-y\" id=\"image_85565908\">\n\t\t\t\t\t\t\t\t<div class=\"img-inner dark\" style=\"margin:0px 0px 0px 0px;\">\n\t\t\t<img loading=\"lazy\" decoding=\"async\" width=\"117\" height=\"270\" src=\"https:\/\/cooldogsmanmat.nl\/wp-content\/uploads\/Fotos_artikelen\/Overige_merken\/Steppen\/steppen-lijnvoorbeeld-3honden.jpg\" class=\"attachment-original size-original\" alt=\"\" srcset=\"https:\/\/cooldogsmanmat.nl\/wp-content\/uploads\/Fotos_artikelen\/Overige_merken\/Steppen\/steppen-lijnvoorbeeld-3honden.jpg 117w, https:\/\/cooldogsmanmat.nl\/wp-content\/uploads\/Fotos_artikelen\/Overige_merken\/Steppen\/steppen-lijnvoorbeeld-3honden-10x24.jpg 10w, https:\/\/cooldogsmanmat.nl\/wp-content\/uploads\/Fotos_artikelen\/Overige_merken\/Steppen\/steppen-lijnvoorbeeld-3honden-16x36.jpg 16w, https:\/\/cooldogsmanmat.nl\/wp-content\/uploads\/Fotos_artikelen\/Overige_merken\/Steppen\/steppen-lijnvoorbeeld-3honden-21x48.jpg 21w\" sizes=\"auto, (max-width: 117px) 100vw, 117px\" \/>\t\t\t\t\t\t\n\t\t\t\t\t<\/div>\n\t\t\t\t\t\t\t\t\n<style>\n#image_85565908 {\n  width: 44%;\n}\n<\/style>\n\t<\/div>\n\t [Button text=&#8220;Informationen und Bestellung&#8220; size=&#8220;small&#8220; icon=&#8220;icon-shopping-basket&#8220; link=&#8220;https:\/\/cooldogsmanmat.nl\/nl\/product\/step-fiets-lijn-2-3-honden-pe-6mm-achter-elkaar\/&#8220;] [\/Spalte] [Spalte span=&#8220;3&#8243; span__sm=&#8220;6&#8243;] [Titelstil=&#8220;fett-Mitte&#8220; Text=&#8220;Ausschnitt pe 6 mm mit Musketonen&#8220; Breite=&#8220;300px&#8220;] \t<div class=\"img has-hover x md-x lg-x y md-y lg-y\" id=\"image_873245127\">\n\t\t<a class=\"\" href=\"https:\/\/cooldogsmanmat.nl\/nl\/product\/neklijn-pe-6-mm-met-musketons\/\" >\t\t\t\t\t\t<div class=\"img-inner dark\" >\n\t\t\t<img loading=\"lazy\" decoding=\"async\" width=\"411\" height=\"800\" src=\"https:\/\/cooldogsmanmat.nl\/wp-content\/uploads\/Fotos_artikelen\/Overige_merken\/Steppen\/steppen-petouw-neklijn-orange.jpg\" class=\"attachment-original size-original\" alt=\"\" srcset=\"https:\/\/cooldogsmanmat.nl\/wp-content\/uploads\/Fotos_artikelen\/Overige_merken\/Steppen\/steppen-petouw-neklijn-orange.jpg 411w, https:\/\/cooldogsmanmat.nl\/wp-content\/uploads\/Fotos_artikelen\/Overige_merken\/Steppen\/steppen-petouw-neklijn-orange-154x300.jpg 154w, https:\/\/cooldogsmanmat.nl\/wp-content\/uploads\/Fotos_artikelen\/Overige_merken\/Steppen\/steppen-petouw-neklijn-orange-12x24.jpg 12w, https:\/\/cooldogsmanmat.nl\/wp-content\/uploads\/Fotos_artikelen\/Overige_merken\/Steppen\/steppen-petouw-neklijn-orange-18x36.jpg 18w, https:\/\/cooldogsmanmat.nl\/wp-content\/uploads\/Fotos_artikelen\/Overige_merken\/Steppen\/steppen-petouw-neklijn-orange-25x48.jpg 25w\" sizes=\"auto, (max-width: 411px) 100vw, 411px\" \/>\t\t\t\t\t\t\n\t\t\t\t\t<\/div>\n\t\t\t\t\t\t<\/a>\t\t\n<style>\n#image_873245127 {\n  width: 53%;\n}\n<\/style>\n\t<\/div>\n\t [Schaltfl\u00e4che text=&#8220;Informationen und Bestellung&#8220; size=&#8220;small&#8220; icon=&#8220;icon-shopping-basket&#8220;] [\/Spalte] [\/Reihe] <!-- \/wp:post-content -->","protected":false},"excerpt":{"rendered":"[Reihe] [Spalte span__sm=&#8220;12&#8243;] Ziehlinien f\u00fcr einen Roller oder ein Fahrrad ziehenInnerhalb der categorie Steppen\/Fahrrad Auf cooldogs.nl finden Sie verschiedene Zuglinien, die jeweils f\u00fcr eine sichere und komfortable Verwendung beim Treten oder Radfahren mit Ihrem Hund konzipiert sind. Es stehen verschiedene Ausf\u00fchrungen zur Verf\u00fcgung, die auf die Anzahl der Hunde und den gew\u00fcnschten D\u00e4mpfungsgrad zugeschnitten sind, [&#8230;]\n","protected":false},"author":1,"featured_media":0,"parent":13313,"menu_order":0,"comment_status":"closed","ping_status":"closed","template":"","meta":{"footnotes":""},"class_list":["post-13143","page","type-page","status-publish","hentry"],"_links":{"self":[{"href":"https:\/\/cooldogsmanmat.nl\/de\/wp-json\/wp\/v2\/pages\/13143","targetHints":{"allow":["GET"]}}],"collection":[{"href":"https:\/\/cooldogsmanmat.nl\/de\/wp-json\/wp\/v2\/pages"}],"about":[{"href":"https:\/\/cooldogsmanmat.nl\/de\/wp-json\/wp\/v2\/types\/page"}],"author":[{"embeddable":true,"href":"https:\/\/cooldogsmanmat.nl\/de\/wp-json\/wp\/v2\/users\/1"}],"replies":[{"embeddable":true,"href":"https:\/\/cooldogsmanmat.nl\/de\/wp-json\/wp\/v2\/comments?post=13143"}],"version-history":[{"count":15,"href":"https:\/\/cooldogsmanmat.nl\/de\/wp-json\/wp\/v2\/pages\/13143\/revisions"}],"predecessor-version":[{"id":14088,"href":"https:\/\/cooldogsmanmat.nl\/de\/wp-json\/wp\/v2\/pages\/13143\/revisions\/14088"}],"up":[{"embeddable":true,"href":"https:\/\/cooldogsmanmat.nl\/de\/wp-json\/wp\/v2\/pages\/13313"}],"wp:attachment":[{"href":"https:\/\/cooldogsmanmat.nl\/de\/wp-json\/wp\/v2\/media?parent=13143"}],"curies":[{"name":"wp","href":"https:\/\/api.w.org\/{rel}","templated":true}]}}