{"id":13313,"date":"2025-03-17T15:30:49","date_gmt":"2025-03-17T15:30:49","guid":{"rendered":"https:\/\/cooldogsmanmat.nl\/?page_id=13313"},"modified":"2026-01-18T15:01:35","modified_gmt":"2026-01-18T15:01:35","slug":"steppen","status":"publish","type":"page","link":"https:\/\/cooldogsmanmat.nl\/de\/steppen\/","title":{"rendered":"Steppen\/Fahrrad"},"content":{"rendered":"  <div class=\"banner-grid-wrapper\">\n  <div id=\"banner-grid-1682350532\" class=\"banner-grid row row-grid row-small\" data-packery-options=\"\">\n                       <div class=\"col grid-col large-12 grid-col-1\" ><div class=\"col-inner\"> \n  <div class=\"banner has-hover\" id=\"banner-2013671593\">\n          <div class=\"banner-inner fill\">\n        <div class=\"banner-bg fill\" >\n                                    <div class=\"overlay\"><\/div>            \n                    <\/div>\n\t\t\n        <div class=\"banner-layers container\">\n            <div class=\"fill banner-link\"><\/div>                <div id=\"text-box-2011602597\" class=\"text-box banner-layer x50 md-x50 lg-x50 y50 md-y50 lg-y50 res-text\">\n                                <div class=\"text-box-content text dark\">\n              \n              <div class=\"text-inner text-center\">\n                   \t<div id=\"text-1949494608\" class=\"text\">\n\t\t\r\n<h3 class=\"uppercase\">Mit Ihrem Hund treten<\/h3>\r\nMit Ihrem Hund zu treten oder Rad zu fahren ist eine ideale M\u00f6glichkeit, gemeinsam aktiv zu sein. F\u00fcr Hunde bietet es einen nat\u00fcrlichen Energieauslass, verbessert die Fitness und liefert mentale Reize durch neue Ger\u00fcche und Umgebungen. F\u00fcr den Menschen ist es eine effektive und angenehme Art, sich im Freien zu bewegen. Gemeinsames Training st\u00e4rkt auch die Bindung zwischen Mensch und Tier: Man arbeitet im Team, lernt, sich besser zu f\u00fchlen und genie\u00dft bewusst die gemeinsame Zeit. Vorausgesetzt, es wird verantwortungsvoll und mit dem richtigen Material aufgebaut, macht das Treten oder Radfahren nicht nur Spa\u00df, sondern ist auch gesund, nachhaltig und f\u00fcr beide Seiten unglaublich motivierend.\r\n\r\n\t\t\n<style>\n#text-1949494608 {\n  font-size: 1rem;\n}\n<\/style>\n\t<\/div>\n\t               <\/div>\n           <\/div>\n                            \n<style>\n#text-box-2011602597 {\n  width: 60%;\n}\n#text-box-2011602597 .text-box-content {\n  font-size: 100%;\n}\n<\/style>\n    <\/div>\n          <\/div>\n      <\/div>\n\n            \n<style>\n#banner-2013671593 {\n  padding-top: 373.68px;\n}\n#banner-2013671593 .overlay {\n  background-color: rgba(0, 0, 0, 0.17);\n}\n<\/style>\n  <\/div>\n\n <\/div><\/div> <div class=\"col grid-col large-4 grid-col-1-2\" ><div class=\"col-inner\"> \t<div class=\"img has-hover x md-x lg-x y md-y lg-y\" id=\"image_1465815007\">\n\t\t\t\t\t\t\t\t<div class=\"img-inner dark\" style=\"margin:0px 0px 0px 100px;\">\n\t\t\t<img loading=\"lazy\" decoding=\"async\" width=\"1080\" height=\"857\" src=\"https:\/\/cooldogsmanmat.nl\/wp-content\/uploads\/2025\/05\/Benne_step_Strohen_klein.png\" class=\"attachment-original size-original\" alt=\"\" srcset=\"https:\/\/cooldogsmanmat.nl\/wp-content\/uploads\/2025\/05\/Benne_step_Strohen_klein.png 1080w, https:\/\/cooldogsmanmat.nl\/wp-content\/uploads\/2025\/05\/Benne_step_Strohen_klein-300x238.png 300w, https:\/\/cooldogsmanmat.nl\/wp-content\/uploads\/2025\/05\/Benne_step_Strohen_klein-1024x813.png 1024w, https:\/\/cooldogsmanmat.nl\/wp-content\/uploads\/2025\/05\/Benne_step_Strohen_klein-768x609.png 768w, https:\/\/cooldogsmanmat.nl\/wp-content\/uploads\/2025\/05\/Benne_step_Strohen_klein-24x19.png 24w, https:\/\/cooldogsmanmat.nl\/wp-content\/uploads\/2025\/05\/Benne_step_Strohen_klein-36x29.png 36w, https:\/\/cooldogsmanmat.nl\/wp-content\/uploads\/2025\/05\/Benne_step_Strohen_klein-48x38.png 48w, https:\/\/cooldogsmanmat.nl\/wp-content\/uploads\/2025\/05\/Benne_step_Strohen_klein-800x635.png 800w\" sizes=\"auto, (max-width: 1080px) 100vw, 1080px\" \/>\t\t\t\t\t\t\n\t\t\t\t\t<\/div>\n\t\t\t\t\t\t\t\t\n<style>\n#image_1465815007 {\n  width: 47%;\n}\n<\/style>\n\t<\/div>\n\t <\/div><\/div> <div class=\"col grid-col large-4 grid-col-1-2\" ><div class=\"col-inner\"> \t<div class=\"img has-hover x md-x lg-x y md-y lg-y\" id=\"image_775727462\">\n\t\t\t\t\t\t\t\t<div class=\"img-inner dark\" style=\"margin:0px 0px 0px 0px;\">\n\t\t\t<img loading=\"lazy\" decoding=\"async\" width=\"779\" height=\"217\" src=\"https:\/\/cooldogsmanmat.nl\/wp-content\/uploads\/2026\/01\/stukje-step-met-geleider-en-treklijn.jpg\" class=\"attachment-original size-original\" alt=\"\" srcset=\"https:\/\/cooldogsmanmat.nl\/wp-content\/uploads\/2026\/01\/stukje-step-met-geleider-en-treklijn.jpg 779w, https:\/\/cooldogsmanmat.nl\/wp-content\/uploads\/2026\/01\/stukje-step-met-geleider-en-treklijn-300x84.jpg 300w, https:\/\/cooldogsmanmat.nl\/wp-content\/uploads\/2026\/01\/stukje-step-met-geleider-en-treklijn-768x214.jpg 768w, https:\/\/cooldogsmanmat.nl\/wp-content\/uploads\/2026\/01\/stukje-step-met-geleider-en-treklijn-24x7.jpg 24w, https:\/\/cooldogsmanmat.nl\/wp-content\/uploads\/2026\/01\/stukje-step-met-geleider-en-treklijn-36x10.jpg 36w, https:\/\/cooldogsmanmat.nl\/wp-content\/uploads\/2026\/01\/stukje-step-met-geleider-en-treklijn-48x13.jpg 48w\" sizes=\"auto, (max-width: 779px) 100vw, 779px\" \/>\t\t\t\t\t\t\n\t\t\t\t\t<\/div>\n\t\t\t\t\t\t\t\t\n<style>\n#image_775727462 {\n  width: 100%;\n}\n<\/style>\n\t<\/div>\n\t <\/div><\/div> <div class=\"col grid-col large-4 grid-col-1-2\" ><div class=\"col-inner\"> \t<div class=\"img has-hover x md-x lg-x y md-y lg-y\" id=\"image_1071390472\">\n\t\t\t\t\t\t\t\t<div class=\"img-inner dark\" style=\"margin:0px 0px 0px 100px;\">\n\t\t\t<img loading=\"lazy\" decoding=\"async\" width=\"800\" height=\"800\" src=\"https:\/\/cooldogsmanmat.nl\/wp-content\/uploads\/2026\/01\/crussis-cross-hard-62-2-orange-black.jpg\" class=\"attachment-original size-original\" alt=\"\" srcset=\"https:\/\/cooldogsmanmat.nl\/wp-content\/uploads\/2026\/01\/crussis-cross-hard-62-2-orange-black.jpg 800w, https:\/\/cooldogsmanmat.nl\/wp-content\/uploads\/2026\/01\/crussis-cross-hard-62-2-orange-black-300x300.jpg 300w, https:\/\/cooldogsmanmat.nl\/wp-content\/uploads\/2026\/01\/crussis-cross-hard-62-2-orange-black-150x150.jpg 150w, https:\/\/cooldogsmanmat.nl\/wp-content\/uploads\/2026\/01\/crussis-cross-hard-62-2-orange-black-768x768.jpg 768w, https:\/\/cooldogsmanmat.nl\/wp-content\/uploads\/2026\/01\/crussis-cross-hard-62-2-orange-black-24x24.jpg 24w, https:\/\/cooldogsmanmat.nl\/wp-content\/uploads\/2026\/01\/crussis-cross-hard-62-2-orange-black-36x36.jpg 36w, https:\/\/cooldogsmanmat.nl\/wp-content\/uploads\/2026\/01\/crussis-cross-hard-62-2-orange-black-48x48.jpg 48w, https:\/\/cooldogsmanmat.nl\/wp-content\/uploads\/2026\/01\/crussis-cross-hard-62-2-orange-black-500x500.jpg 500w, https:\/\/cooldogsmanmat.nl\/wp-content\/uploads\/2026\/01\/crussis-cross-hard-62-2-orange-black-100x100.jpg 100w\" sizes=\"auto, (max-width: 800px) 100vw, 800px\" \/>\t\t\t\t\t\t\n\t\t\t\t\t<\/div>\n\t\t\t\t\t\t\t\t\n<style>\n#image_1071390472 {\n  width: 54%;\n}\n<\/style>\n\t<\/div>\n\t <\/div><\/div>             <\/div>\n    <style>\n    #banner-grid-1682350532 .grid-col-1{height: 600px}\n    #banner-grid-1682350532 .grid-col-1-2{height: 300px}\n    #banner-grid-1682350532 .grid-col-1-3{height:200px}\n    #banner-grid-1682350532 .grid-col-2-3{height: 400px}\n    #banner-grid-1682350532 .grid-col-1-4{height: 150px}\n    #banner-grid-1682350532 .grid-col-3-4{height: 450px}\n\n\n    \n    \n\n  <\/style>\n    <\/div>\n   <!-- \/wp:post-content -->","protected":false},"excerpt":{"rendered":"<p>Mit Ihrem Hund treten Mit Ihrem Hund zu treten oder Rad zu fahren ist eine ideale M\u00f6glichkeit, gemeinsam aktiv zu sein. F\u00fcr Hunde bietet es einen nat\u00fcrlichen Energieauslass, verbessert die Fitness und liefert mentale Reize durch neue Ger\u00fcche und Umgebungen. F\u00fcr den Menschen ist es eine effektive und angenehme Art, sich im Freien zu bewegen. [&#8230;]\n","protected":false},"author":1,"featured_media":0,"parent":0,"menu_order":0,"comment_status":"closed","ping_status":"closed","template":"","meta":{"footnotes":""},"class_list":["post-13313","page","type-page","status-publish","hentry"],"_links":{"self":[{"href":"https:\/\/cooldogsmanmat.nl\/de\/wp-json\/wp\/v2\/pages\/13313","targetHints":{"allow":["GET"]}}],"collection":[{"href":"https:\/\/cooldogsmanmat.nl\/de\/wp-json\/wp\/v2\/pages"}],"about":[{"href":"https:\/\/cooldogsmanmat.nl\/de\/wp-json\/wp\/v2\/types\/page"}],"author":[{"embeddable":true,"href":"https:\/\/cooldogsmanmat.nl\/de\/wp-json\/wp\/v2\/users\/1"}],"replies":[{"embeddable":true,"href":"https:\/\/cooldogsmanmat.nl\/de\/wp-json\/wp\/v2\/comments?post=13313"}],"version-history":[{"count":7,"href":"https:\/\/cooldogsmanmat.nl\/de\/wp-json\/wp\/v2\/pages\/13313\/revisions"}],"predecessor-version":[{"id":14346,"href":"https:\/\/cooldogsmanmat.nl\/de\/wp-json\/wp\/v2\/pages\/13313\/revisions\/14346"}],"wp:attachment":[{"href":"https:\/\/cooldogsmanmat.nl\/de\/wp-json\/wp\/v2\/media?parent=13313"}],"curies":[{"name":"wp","href":"https:\/\/api.w.org\/{rel}","templated":true}]}}