{"id":13397,"date":"2025-03-24T16:11:33","date_gmt":"2025-03-24T16:11:33","guid":{"rendered":"https:\/\/cooldogsmanmat.nl\/?page_id=13397"},"modified":"2026-01-18T14:54:11","modified_gmt":"2026-01-18T14:54:11","slug":"13397-2","status":"publish","type":"page","link":"https:\/\/cooldogsmanmat.nl\/de\/","title":{"rendered":"Hauptseite"},"content":{"rendered":"\r\n  <div class=\"banner-grid-wrapper\">\n  <div id=\"banner-grid-1590944151\" class=\"banner-grid row row-grid row-small row-full-width\" data-packery-options=\"\">\n                      \r\n\r\n<div class=\"col grid-col large-12 grid-col-1\" ><div class=\"col-inner\">\r\n\r\n\n  <div class=\"banner has-hover\" id=\"banner-341678386\">\n          <div class=\"banner-inner fill\">\n        <div class=\"banner-bg fill\" >\n            <img loading=\"lazy\" decoding=\"async\" width=\"2272\" height=\"1056\" src=\"https:\/\/cooldogsmanmat.nl\/wp-content\/uploads\/2025\/03\/P1310142-e1742836046694.jpg\" class=\"bg attachment-original size-original\" alt=\"\" \/>                        <div class=\"overlay\"><\/div>            \n                    <\/div>\n\t\t\n        <div class=\"banner-layers container\">\n            <div class=\"fill banner-link\"><\/div>            \r\n\r\n   <div id=\"text-box-699256094\" class=\"text-box banner-layer x45 md-x45 lg-x45 y50 md-y50 lg-y50 res-text\">\n                                <div class=\"text-box-content text box-shadow-3 dark\">\n              \n              <div class=\"text-inner text-center\">\n                  \r\n\r\n\t<div id=\"text-1570623355\" class=\"text\">\n\t\t\r\n\r\n<h3 class=\"uppercase\">Wilkommen bei CoolDogs<\/h3>\r\n<p>Alles f\u00fcr Ihren aktiven Hund<\/p>\r\n<p>Wir bei CoolDogs.nl wissen, dass Ihr Hund mehr als nur ein Haustier ist: Er ist ein Sportkamerad, ein Abenteurer und ein Teil der Familie. Deshalb bieten wir eine gro\u00dfe Auswahl an hochwertigen Produkten, die speziell f\u00fcr aktive Hunde und ihre Besitzer entwickelt wurden.<\/p>\r\n<p>Entdecken Sie unser Sortiment:<\/p>\r\n<p>Sportbedarf: Von Canicross bis Scooter-Training \u2013 wir haben alles, was Sie f\u00fcr einen aktiven Lebensstil mit Ihrem Hund brauchen.\r\nAusr\u00fcstung f\u00fcr Spazierg\u00e4nge: Bequeme Geschirre, Leinen und Halsb\u00e4nder f\u00fcr sichere und angenehme Spazierg\u00e4nge.\r\nSpielzeug: Robustes und anspruchsvolles Spielzeug f\u00fcr stundenlangen Spa\u00df.\r\nSicherheit: Alles, was Sie brauchen, um Ihren Hund bei Ihren Abenteuern zu sch\u00fctzen.\r\nUnd vieles mehr: Entdecken Sie unser gesamtes Sortiment und finden Sie die perfekten Produkte f\u00fcr Ihren Hund.\r\nWarum CoolDogs.nl<\/p>\r\n<p>Spezialist f\u00fcr Hundesportausr\u00fcstung.<br \/>\r\nHochwertige Produkte f\u00fcr aktive Hunde.<br \/>\r\nKompetente Beratung und exzellenter Kundenservice.<br \/>\r\nDer Showroom ist nach Vereinbarung besichtigt.<br \/>\r\nStarten Sie Ihr Abenteuer noch heute.<\/p>\r\n<p>St\u00f6bern Sie in unserem Sortiment und bestellen Sie bequem online. Oder besuchen Sie unseren Showroom in Nieuw-Weerdingen f\u00fcr eine pers\u00f6nliche Beratung.<\/p>\r\n\t\t\n<style>\n#text-1570623355 {\n  line-height: 1.5;\n  text-align: center;\n  color: rgb(255, 255, 255);\n}\n#text-1570623355 > * {\n  color: rgb(255, 255, 255);\n}\n<\/style>\n\t<\/div>\n\t\r\n\r\n              <\/div>\n           <\/div>\n                            \n<style>\n#text-box-699256094 .text-box-content {\n  background-color: rgba(31, 80, 166, 0.616);\n  border-radius: 106px;\n  font-size: 90%;\n}\n#text-box-699256094 {\n  width: 60%;\n}\n@media (min-width:550px) {\n  #text-box-699256094 {\n    width: 100%;\n  }\n}\n<\/style>\n    <\/div>\n \r\n\r\n        <\/div>\n      <\/div>\n\n            \n<style>\n#banner-341678386 {\n  padding-top: 500px;\n}\n#banner-341678386 .overlay {\n  background-color: rgba(0, 0, 0, 0.31);\n}\n#banner-341678386 .banner-bg img {\n  object-position: 54% 56%;\n}\n<\/style>\n  <\/div>\n\n\r\n\r\n<\/div><\/div>\r\n<div class=\"col grid-col large-4 grid-col-1-3\" data-animate=\"none\"><div class=\"col-inner box-shadow-3 box-shadow-2-hover\">\r\n\r\n\n  <div class=\"banner has-hover\" id=\"banner-992637883\">\n          <div class=\"banner-inner fill\">\n        <div class=\"banner-bg fill\" >\n                                    <div class=\"overlay\"><\/div>            \n                    <\/div>\n\t\t\n        <div class=\"banner-layers container\">\n            <div class=\"fill banner-link\"><\/div>            \r\n\r\n   <div id=\"text-box-912008981\" class=\"text-box banner-layer x5 md-x5 lg-x5 y50 md-y50 lg-y50 res-text\">\n                                <div class=\"text-box-content text box-shadow-3 dark\">\n              \n              <div class=\"text-inner text-center\">\n                  \r\n\r\n<h2 class=\"uppercase\"><strong>Canicross<\/strong><\/h2>\r\n<h3>Gesund mit ihrem hund<\/h3>\r\n<p>&nbsp;<\/p>\r\n\r\n              <\/div>\n           <\/div>\n                            \n<style>\n#text-box-912008981 .text-box-content {\n  background-color: rgba(0, 0, 0, 0.86);\n  font-size: 100%;\n}\n#text-box-912008981 .text-inner {\n  padding: 30px 30px 30px 30px;\n}\n#text-box-912008981 {\n  width: 60%;\n}\n@media (min-width:550px) {\n  #text-box-912008981 {\n    width: 40%;\n  }\n}\n<\/style>\n    <\/div>\n \r\n\t<div class=\"img has-hover x85 md-x85 lg-x85 y50 md-y50 lg-y50\" id=\"image_1362520272\">\n\t\t\t\t\t\t\t\t<div class=\"img-inner dark\" >\n\t\t\t<img loading=\"lazy\" decoding=\"async\" width=\"300\" height=\"200\" src=\"https:\/\/cooldogsmanmat.nl\/wp-content\/uploads\/2025\/03\/canicrosser-300x200.jpg\" class=\"attachment-medium size-medium\" alt=\"\" srcset=\"https:\/\/cooldogsmanmat.nl\/wp-content\/uploads\/2025\/03\/canicrosser-300x200.jpg 300w, https:\/\/cooldogsmanmat.nl\/wp-content\/uploads\/2025\/03\/canicrosser-24x16.jpg 24w, https:\/\/cooldogsmanmat.nl\/wp-content\/uploads\/2025\/03\/canicrosser-36x24.jpg 36w, https:\/\/cooldogsmanmat.nl\/wp-content\/uploads\/2025\/03\/canicrosser-48x32.jpg 48w, https:\/\/cooldogsmanmat.nl\/wp-content\/uploads\/2025\/03\/canicrosser.jpg 750w\" sizes=\"auto, (max-width: 300px) 100vw, 300px\" \/>\t\t\t\t\t\t\n\t\t\t\t\t<\/div>\n\t\t\t\t\t\t\t\t\n<style>\n#image_1362520272 {\n  width: 29%;\n}\n<\/style>\n\t<\/div>\n\t\r\n\r\n\r\n        <\/div>\n      <\/div>\n\n            \n<style>\n#banner-992637883 {\n  padding-top: 500px;\n}\n#banner-992637883 .overlay {\n  background-color: rgba(0, 0, 0, 0.2);\n}\n<\/style>\n  <\/div>\n\n\r\n\r\n<\/div><\/div>\r\n<div class=\"col grid-col large-4 grid-col-1-3\" ><div class=\"col-inner box-shadow-3 box-shadow-2-hover\">\r\n\r\n\n  <div class=\"banner has-hover\" id=\"banner-1692254410\">\n          <div class=\"banner-inner fill\">\n        <div class=\"banner-bg fill\" >\n                                    <div class=\"overlay\"><\/div>            \n                    <\/div>\n\t\t\n        <div class=\"banner-layers container\">\n            <div class=\"fill banner-link\"><\/div>            \r\n\r\n   <div id=\"text-box-1510322956\" class=\"text-box banner-layer x5 md-x5 lg-x5 y50 md-y50 lg-y50 res-text\">\n                                <div class=\"text-box-content text box-shadow-3\">\n              \n              <div class=\"text-inner text-center\">\n                  \r\n\r\n\t<div id=\"text-1302976163\" class=\"text\">\n\t\t\r\n\r\n<h2 class=\"uppercase\"><strong>Scootern mit ihrem hund<\/strong><\/h2>\r\n<h3>Balance und Herausforderung<\/h3>\r\n<p>&nbsp;<\/p>\r\n\r\n\t\t\n<style>\n#text-1302976163 {\n  text-align: center;\n  color: rgb(255,255,255);\n}\n#text-1302976163 > * {\n  color: rgb(255,255,255);\n}\n<\/style>\n\t<\/div>\n\t\r\n\r\n              <\/div>\n           <\/div>\n                            \n<style>\n#text-box-1510322956 .text-box-content {\n  background-color: rgb(17, 1, 1);\n  font-size: 100%;\n}\n#text-box-1510322956 .text-inner {\n  padding: 30px 30px 6px 30px;\n}\n#text-box-1510322956 {\n  width: 60%;\n}\n@media (min-width:550px) {\n  #text-box-1510322956 {\n    width: 40%;\n  }\n}\n<\/style>\n    <\/div>\n \r\n\t<div class=\"img has-hover x85 md-x85 lg-x85 y50 md-y50 lg-y50\" id=\"image_1492662603\">\n\t\t\t\t\t\t\t\t<div class=\"img-inner dark\" style=\"margin:40px 0px 40px 0px;\">\n\t\t\t<img loading=\"lazy\" decoding=\"async\" width=\"300\" height=\"238\" src=\"https:\/\/cooldogsmanmat.nl\/wp-content\/uploads\/2025\/05\/Benne_step_Strohen_klein-300x238.png\" class=\"attachment-medium size-medium\" alt=\"\" srcset=\"https:\/\/cooldogsmanmat.nl\/wp-content\/uploads\/2025\/05\/Benne_step_Strohen_klein-300x238.png 300w, https:\/\/cooldogsmanmat.nl\/wp-content\/uploads\/2025\/05\/Benne_step_Strohen_klein-1024x813.png 1024w, https:\/\/cooldogsmanmat.nl\/wp-content\/uploads\/2025\/05\/Benne_step_Strohen_klein-768x609.png 768w, https:\/\/cooldogsmanmat.nl\/wp-content\/uploads\/2025\/05\/Benne_step_Strohen_klein-24x19.png 24w, https:\/\/cooldogsmanmat.nl\/wp-content\/uploads\/2025\/05\/Benne_step_Strohen_klein-36x29.png 36w, https:\/\/cooldogsmanmat.nl\/wp-content\/uploads\/2025\/05\/Benne_step_Strohen_klein-48x38.png 48w, https:\/\/cooldogsmanmat.nl\/wp-content\/uploads\/2025\/05\/Benne_step_Strohen_klein-800x635.png 800w, https:\/\/cooldogsmanmat.nl\/wp-content\/uploads\/2025\/05\/Benne_step_Strohen_klein.png 1080w\" sizes=\"auto, (max-width: 300px) 100vw, 300px\" \/>\t\t\t\t\t\t\n\t\t\t\t\t<\/div>\n\t\t\t\t\t\t\t\t\n<style>\n#image_1492662603 {\n  width: 29%;\n}\n<\/style>\n\t<\/div>\n\t\r\n\r\n\r\n        <\/div>\n      <\/div>\n\n            \n<style>\n#banner-1692254410 {\n  padding-top: 500px;\n}\n#banner-1692254410 .overlay {\n  background-color: rgba(0, 0, 0, 0.2);\n}\n<\/style>\n  <\/div>\n\n\r\n\r\n<\/div><\/div>\r\n<div class=\"col grid-col large-4 grid-col-1-3\" ><div class=\"col-inner box-shadow-3 box-shadow-2-hover\">\r\n\r\n\n  <div class=\"banner has-hover\" id=\"banner-806179699\">\n          <div class=\"banner-inner fill\">\n        <div class=\"banner-bg fill\" >\n                                    <div class=\"overlay\"><\/div>            \n                    <\/div>\n\t\t\n        <div class=\"banner-layers container\">\n            <div class=\"fill banner-link\"><\/div>            \r\n\r\n   <div id=\"text-box-297379096\" class=\"text-box banner-layer x5 md-x5 lg-x5 y50 md-y50 lg-y50 res-text\">\n                                <div class=\"text-box-content text box-shadow-3 dark\">\n              \n              <div class=\"text-inner text-center\">\n                  \r\n\r\n<h2 class=\"uppercase\"><strong>Wagen und Schlitten<\/strong><\/h2>\r\n<h3>Arbeiten wie ein team<\/h3>\r\n<p>&nbsp;<\/p>\r\n\r\n\r\n              <\/div>\n           <\/div>\n                            \n<style>\n#text-box-297379096 .text-box-content {\n  background-color: rgba(0, 0, 0, 0.86);\n  font-size: 100%;\n}\n#text-box-297379096 .text-inner {\n  padding: 30px 30px 30px 30px;\n}\n#text-box-297379096 {\n  width: 60%;\n}\n@media (min-width:550px) {\n  #text-box-297379096 {\n    width: 40%;\n  }\n}\n<\/style>\n    <\/div>\n \r\n\t<div class=\"img has-hover x85 md-x85 lg-x85 y50 md-y50 lg-y50\" id=\"image_586038709\">\n\t\t\t\t\t\t\t\t<div class=\"img-inner dark\" >\n\t\t\t<img loading=\"lazy\" decoding=\"async\" width=\"300\" height=\"225\" src=\"https:\/\/cooldogsmanmat.nl\/wp-content\/uploads\/2025\/07\/Bild1381-Small-300x225.jpg\" class=\"attachment-medium size-medium\" alt=\"\" srcset=\"https:\/\/cooldogsmanmat.nl\/wp-content\/uploads\/2025\/07\/Bild1381-Small-300x225.jpg 300w, https:\/\/cooldogsmanmat.nl\/wp-content\/uploads\/2025\/07\/Bild1381-Small-24x18.jpg 24w, https:\/\/cooldogsmanmat.nl\/wp-content\/uploads\/2025\/07\/Bild1381-Small-36x27.jpg 36w, https:\/\/cooldogsmanmat.nl\/wp-content\/uploads\/2025\/07\/Bild1381-Small-48x36.jpg 48w, https:\/\/cooldogsmanmat.nl\/wp-content\/uploads\/2025\/07\/Bild1381-Small-328x246.jpg 328w, https:\/\/cooldogsmanmat.nl\/wp-content\/uploads\/2025\/07\/Bild1381-Small.jpg 640w\" sizes=\"auto, (max-width: 300px) 100vw, 300px\" \/>\t\t\t\t\t\t\n\t\t\t\t\t<\/div>\n\t\t\t\t\t\t\t\t\n<style>\n#image_586038709 {\n  width: 27%;\n}\n<\/style>\n\t<\/div>\n\t\r\n\r\n\r\n        <\/div>\n      <\/div>\n\n            \n<style>\n#banner-806179699 {\n  padding-top: 500px;\n}\n#banner-806179699 .overlay {\n  background-color: rgba(0, 0, 0, 0.2);\n}\n<\/style>\n  <\/div>\n\n\r\n\r\n<\/div><\/div>\r\n\r\n            <\/div>\n    <style>\n    #banner-grid-1590944151 .grid-col-1{height: 490px}\n    #banner-grid-1590944151 .grid-col-1-2{height: 245px}\n    #banner-grid-1590944151 .grid-col-1-3{height:163.33333333333px}\n    #banner-grid-1590944151 .grid-col-2-3{height: 326.66666666667px}\n    #banner-grid-1590944151 .grid-col-1-4{height: 122.5px}\n    #banner-grid-1590944151 .grid-col-3-4{height: 367.5px}\n\n\n    \n    \n\n  <\/style>\n    <\/div>\n  \r\n\r\n","protected":false},"excerpt":{"rendered":"<p>Wilkommen bei CoolDogs Alles f\u00fcr Ihren aktiven Hund Wir bei CoolDogs.nl wissen, dass Ihr Hund mehr als nur ein Haustier ist: Er ist ein Sportkamerad, ein Abenteurer und ein Teil der Familie. Deshalb bieten wir eine gro\u00dfe Auswahl an hochwertigen Produkten, die speziell f\u00fcr aktive Hunde und ihre Besitzer entwickelt wurden. Entdecken Sie unser Sortiment: [&#8230;]\n","protected":false},"author":1,"featured_media":0,"parent":0,"menu_order":0,"comment_status":"closed","ping_status":"closed","template":"","meta":{"footnotes":""},"class_list":["post-13397","page","type-page","status-publish","hentry"],"_links":{"self":[{"href":"https:\/\/cooldogsmanmat.nl\/de\/wp-json\/wp\/v2\/pages\/13397","targetHints":{"allow":["GET"]}}],"collection":[{"href":"https:\/\/cooldogsmanmat.nl\/de\/wp-json\/wp\/v2\/pages"}],"about":[{"href":"https:\/\/cooldogsmanmat.nl\/de\/wp-json\/wp\/v2\/types\/page"}],"author":[{"embeddable":true,"href":"https:\/\/cooldogsmanmat.nl\/de\/wp-json\/wp\/v2\/users\/1"}],"replies":[{"embeddable":true,"href":"https:\/\/cooldogsmanmat.nl\/de\/wp-json\/wp\/v2\/comments?post=13397"}],"version-history":[{"count":32,"href":"https:\/\/cooldogsmanmat.nl\/de\/wp-json\/wp\/v2\/pages\/13397\/revisions"}],"predecessor-version":[{"id":14342,"href":"https:\/\/cooldogsmanmat.nl\/de\/wp-json\/wp\/v2\/pages\/13397\/revisions\/14342"}],"wp:attachment":[{"href":"https:\/\/cooldogsmanmat.nl\/de\/wp-json\/wp\/v2\/media?parent=13397"}],"curies":[{"name":"wp","href":"https:\/\/api.w.org\/{rel}","templated":true}]}}