{"id":14067,"date":"2026-01-12T11:01:43","date_gmt":"2026-01-12T11:01:43","guid":{"rendered":"https:\/\/cooldogsmanmat.nl\/?page_id=14067"},"modified":"2026-01-13T16:22:24","modified_gmt":"2026-01-13T16:22:24","slug":"step","status":"publish","type":"page","link":"https:\/\/cooldogsmanmat.nl\/de\/steppen\/scooter\/","title":{"rendered":"Scooter"},"content":{"rendered":"[Reihe] [Spalte span=&#8220;11&#8243; span__sm=&#8220;12&#8243;] [Titelstil=&#8220;fett-Mitte&#8220; Text=&#8220;hondensteps&#8220; Breite=&#8220;300px&#8220; Rand_oben=&#8220;60px&#8220;] <div class=\"row align-center\"  id=\"row-150427345\"> \n\t<div id=\"col-2062759786\" class=\"col small-12 large-12\"  >\n\t\t\t\t<div class=\"col-inner text-center\"  >\n\t\t\t\n\t\t\t [Schaltfl\u00e4chentext=&#8220;Stepshop.nl&#8220; Polsterung=&#8220;0px 0px 0px 0px&#8220; Link=&#8220;https:\/\/stepshop.nl\/nl\/8-hondensteps?page=2&#8243;] \t\t<\/div>\n\t\t\t\t\t<\/div>\n\n\t <\/div> \t<div id=\"text-1833518005\" class=\"text\">\n\t\t<strong>Suchen Sie einen Roller, um mit Ihren Hunden zu treten\r\nKlicken Sie dann auf die Schaltfl\u00e4che (Stepshop.nl) f\u00fcr die <\/strong><strong>Verf\u00fcgbare Schritte<\/strong>\r\n\r\nCoolDogs kann diese Schritte liefern, m\u00f6glicherweise einschlie\u00dflich Seilf\u00fchrung\r\nZugleine f\u00fcr 1 oder 2 Hunde und passendes Zuggeschirr oder Geschirr.\r\n\r\nSenden Sie uns eine E-Mail f\u00fcr ein wettbewerbsf\u00e4higes Angebot!!!\r\n<a href=\"mailto:info@cooldogs.nl?subject=Step%20aanbieding\">info@cooldogs.nl<\/a>\r\n\r\n\t\t\n<style>\n#text-1833518005 {\n  text-align: center;\n}\n<\/style>\n\t<\/div>\n\t [\/Spalte] [\/Reihe] <!-- \/wp:post-content -->","protected":false},"excerpt":{"rendered":"[Reihe] [Spalte span=&#8220;11&#8243; span__sm=&#8220;12&#8243;] [Titelstil=&#8220;fett-Mitte&#8220; Text=&#8220;hondensteps&#8220; Breite=&#8220;300px&#8220; Rand_oben=&#8220;60px&#8220;] [Schaltfl\u00e4chentext=&#8220;Stepshop.nl&#8220; Polsterung=&#8220;0px 0px 0px 0px&#8220; Link=&#8220;https:\/\/stepshop.nl\/nl\/8-hondensteps?page=2&#8243;] Suchen Sie einen Roller, um mit Ihren Hunden zu treten Klicken Sie dann auf die Schaltfl\u00e4che (Stepshop.nl) f\u00fcr die Verf\u00fcgbare Schritte CoolDogs kann diese Schritte liefern, m\u00f6glicherweise einschlie\u00dflich Seilf\u00fchrung Zugleine f\u00fcr 1 oder 2 Hunde und passendes Zuggeschirr oder Geschirr. Senden [&#8230;]\n","protected":false},"author":1,"featured_media":0,"parent":13313,"menu_order":0,"comment_status":"closed","ping_status":"closed","template":"","meta":{"footnotes":""},"class_list":["post-14067","page","type-page","status-publish","hentry"],"_links":{"self":[{"href":"https:\/\/cooldogsmanmat.nl\/de\/wp-json\/wp\/v2\/pages\/14067","targetHints":{"allow":["GET"]}}],"collection":[{"href":"https:\/\/cooldogsmanmat.nl\/de\/wp-json\/wp\/v2\/pages"}],"about":[{"href":"https:\/\/cooldogsmanmat.nl\/de\/wp-json\/wp\/v2\/types\/page"}],"author":[{"embeddable":true,"href":"https:\/\/cooldogsmanmat.nl\/de\/wp-json\/wp\/v2\/users\/1"}],"replies":[{"embeddable":true,"href":"https:\/\/cooldogsmanmat.nl\/de\/wp-json\/wp\/v2\/comments?post=14067"}],"version-history":[{"count":4,"href":"https:\/\/cooldogsmanmat.nl\/de\/wp-json\/wp\/v2\/pages\/14067\/revisions"}],"predecessor-version":[{"id":14072,"href":"https:\/\/cooldogsmanmat.nl\/de\/wp-json\/wp\/v2\/pages\/14067\/revisions\/14072"}],"up":[{"embeddable":true,"href":"https:\/\/cooldogsmanmat.nl\/de\/wp-json\/wp\/v2\/pages\/13313"}],"wp:attachment":[{"href":"https:\/\/cooldogsmanmat.nl\/de\/wp-json\/wp\/v2\/media?parent=14067"}],"curies":[{"name":"wp","href":"https:\/\/api.w.org\/{rel}","templated":true}]}}