{"id":14364,"date":"2026-01-18T16:55:38","date_gmt":"2026-01-18T16:55:38","guid":{"rendered":"https:\/\/cooldogsmanmat.nl\/?page_id=14364"},"modified":"2026-01-18T17:12:36","modified_gmt":"2026-01-18T17:12:36","slug":"evenementen-cooldogs","status":"publish","type":"page","link":"https:\/\/cooldogsmanmat.nl\/de\/veranstaltungen\/veranstaltungen-cooldogs\/","title":{"rendered":"Veranstaltungen CoolDogs"},"content":{"rendered":"\n  <div class=\"banner has-hover\" id=\"banner-1296225995\">\n          <div class=\"banner-inner fill\">\n        <div class=\"banner-bg fill\" >\n                                                \n                    <\/div>\n\t\t\n        <div class=\"banner-layers container\">\n            <div class=\"fill banner-link\"><\/div>                <div id=\"text-box-2008217218\" class=\"text-box banner-layer x50 md-x50 lg-x50 y50 md-y50 lg-y50 res-text\">\n                                <div class=\"text-box-content text dark\">\n              \n              <div class=\"text-inner text-center\">\n                   [Zeile v_align=&#8220;Mitte&#8220; h_align=&#8220;Mitte&#8220;] [Spalte span=&#8220;11&#8243; span__sm=&#8220;12&#8243;] \t<div id=\"text-2352724570\" class=\"text\">\n\t\t&nbsp;\r\n\r\n<strong>Erleben Sie die Kraft und Geschwindigkeit von Schlittenhunden \u2013 und schauen Sie bei CoolDogs vorbei!<\/strong>\r\n\r\nWollten Sie schon immer einmal einen echten Schlittenhundewettbewerb aus n\u00e4chster N\u00e4he erleben? Die Energie, die Teamarbeit zwischen Hund und Musher und die beeindruckende Geschwindigkeit machen dies zu einem Spektakel, das Sie nicht so schnell vergessen werden. Bei Wettk\u00e4mpfen in Deutschland <strong>CoolDogs.nl<\/strong> Pr\u00e4sentiert mit einem Stand voller hochwertiger Hundesportmaterialien.&nbsp;\r\n\r\nKommen Sie vorbei und sehen, f\u00fchlen und vergleichen Sie: von Leinen und Gurten bis hin zu Zubeh\u00f6r, das in der Praxis von aktiven Mushern und Sportlern getestet wurde. Gerne erz\u00e4hlen wir Ihnen alles \u00fcber Passform, Nutzung und Individualisierung und teilen unsere Erfahrungen aus dem Schlittenhundesport. Egal ob Sie sportlich aktiv sind oder einfach nur neugierig auf diese besondere Welt sind \u2013, Sie sind an unserem Stand herzlich willkommen.\r\n\r\nLassen Sie sich inspirieren, schmecken Sie die Atmosph\u00e4re und entdecken Sie, warum gute Materialien einen Unterschied machen. Wir sehen uns auf dem Weg \u2013 unter <strong>CoolDogs<\/strong>! \ud83d\udc3e?? \ufe0f\r\n\r\n\t\t\n<style>\n#text-2352724570 {\n  font-size: 1.2rem;\n}\n<\/style>\n\t<\/div>\n\t [\/Spalte] [\/Reihe]               <\/div>\n           <\/div>\n                            \n<style>\n#text-box-2008217218 {\n  width: 60%;\n}\n#text-box-2008217218 .text-box-content {\n  font-size: 100%;\n}\n<\/style>\n    <\/div>\n          <\/div>\n      <\/div>\n\n              <div class=\"height-fix is-invisible\"><\/div>\n              <\/div>\n\n <!-- \/wp:post-content -->","protected":false},"excerpt":{"rendered":"[Zeile v_align=&#8220;Mitte&#8220; h_align=&#8220;Mitte&#8220;] [Spalte span=&#8220;11&#8243; span__sm=&#8220;12&#8243;] &nbsp; Erleben Sie die Kraft und Geschwindigkeit von Schlittenhunden \u2013 und schauen Sie bei CoolDogs vorbei! Wollten Sie schon immer einmal einen echten Schlittenhundewettbewerb aus n\u00e4chster N\u00e4he erleben? Die Energie, die Teamarbeit zwischen Hund und Musher und die beeindruckende Geschwindigkeit machen dies zu einem Spektakel, das Sie nicht so [&#8230;]\n","protected":false},"author":1,"featured_media":0,"parent":13591,"menu_order":0,"comment_status":"closed","ping_status":"closed","template":"","meta":{"footnotes":""},"class_list":["post-14364","page","type-page","status-publish","hentry"],"_links":{"self":[{"href":"https:\/\/cooldogsmanmat.nl\/de\/wp-json\/wp\/v2\/pages\/14364","targetHints":{"allow":["GET"]}}],"collection":[{"href":"https:\/\/cooldogsmanmat.nl\/de\/wp-json\/wp\/v2\/pages"}],"about":[{"href":"https:\/\/cooldogsmanmat.nl\/de\/wp-json\/wp\/v2\/types\/page"}],"author":[{"embeddable":true,"href":"https:\/\/cooldogsmanmat.nl\/de\/wp-json\/wp\/v2\/users\/1"}],"replies":[{"embeddable":true,"href":"https:\/\/cooldogsmanmat.nl\/de\/wp-json\/wp\/v2\/comments?post=14364"}],"version-history":[{"count":4,"href":"https:\/\/cooldogsmanmat.nl\/de\/wp-json\/wp\/v2\/pages\/14364\/revisions"}],"predecessor-version":[{"id":14369,"href":"https:\/\/cooldogsmanmat.nl\/de\/wp-json\/wp\/v2\/pages\/14364\/revisions\/14369"}],"up":[{"embeddable":true,"href":"https:\/\/cooldogsmanmat.nl\/de\/wp-json\/wp\/v2\/pages\/13591"}],"wp:attachment":[{"href":"https:\/\/cooldogsmanmat.nl\/de\/wp-json\/wp\/v2\/media?parent=14364"}],"curies":[{"name":"wp","href":"https:\/\/api.w.org\/{rel}","templated":true}]}}