{"id":12674,"date":"2024-12-23T17:29:31","date_gmt":"2024-12-23T17:29:31","guid":{"rendered":"https:\/\/cooldogsmanmat.nl\/?post_type=product&#038;p=12674"},"modified":"2026-01-12T12:20:49","modified_gmt":"2026-01-12T12:20:49","slug":"touwgeleider-bikeantenne-voor-step-fiets","status":"publish","type":"product","link":"https:\/\/cooldogsmanmat.nl\/de\/product\/bikeantenne-fur-roller-fahrrad\/","title":{"rendered":"Bikeantenne f\u00fcr Roller\/Fahrrad"},"content":{"rendered":"<p>Sehr solider Fahrradantennen-\/Leitungshalter. Verhindert, dass die Zugleine im Vorderrad landet. Eigene Produktion und Design, das im Schlittenhundesport seit Jahren voll im Einsatz ist. Die Fahrradantenne ist grunds\u00e4tzlich universell. Das passt fast allen K\u00f6pfen Fahrr\u00e4der\/Schritte mit einem maximalen Durchmesser von 52 mm. Wenn Ihr Fahrrad\/Schrittmotor ein dickeres Headset hat, k\u00f6nnen wir Machen Sie hierf\u00fcr eine geeignete L\u00f6sung. Bitte geben Sie dies in den Kommentaren in der Bestellung an!<\/p>\n","protected":false},"excerpt":{"rendered":"<p>Sehr solider Fahrradantennen-\/Leitungshalter. Verhindert, dass die Zugleine im Vorderrad landet. Eigene Produktion und Design, das im Schlittenhundesport seit Jahren voll im Einsatz ist. Die Fahrradantenne ist grunds\u00e4tzlich universell. Das passt fast allen K\u00f6pfen Fahrr\u00e4der\/Schritte mit einem maximalen Durchmesser von 52 mm. Wenn Ihr Fahrrad\/Schrittmotor ein dickeres Headset hat, k\u00f6nnen wir Machen Sie hierf\u00fcr eine geeignete [&#8230;]\n","protected":false},"featured_media":12279,"comment_status":"open","ping_status":"closed","template":"","meta":[],"product_brand":[],"product_cat":[1230],"product_tag":[],"class_list":{"0":"post-12674","1":"product","2":"type-product","3":"status-publish","4":"has-post-thumbnail","6":"product_cat-treklijnen-voor-step-en-fiets","8":"first","9":"outofstock","10":"taxable","11":"shipping-taxable","12":"purchasable","13":"product-type-simple"},"_links":{"self":[{"href":"https:\/\/cooldogsmanmat.nl\/de\/wp-json\/wp\/v2\/product\/12674","targetHints":{"allow":["GET"]}}],"collection":[{"href":"https:\/\/cooldogsmanmat.nl\/de\/wp-json\/wp\/v2\/product"}],"about":[{"href":"https:\/\/cooldogsmanmat.nl\/de\/wp-json\/wp\/v2\/types\/product"}],"replies":[{"embeddable":true,"href":"https:\/\/cooldogsmanmat.nl\/de\/wp-json\/wp\/v2\/comments?post=12674"}],"wp:featuredmedia":[{"embeddable":true,"href":"https:\/\/cooldogsmanmat.nl\/de\/wp-json\/wp\/v2\/media\/12279"}],"wp:attachment":[{"href":"https:\/\/cooldogsmanmat.nl\/de\/wp-json\/wp\/v2\/media?parent=12674"}],"wp:term":[{"taxonomy":"product_brand","embeddable":true,"href":"https:\/\/cooldogsmanmat.nl\/de\/wp-json\/wp\/v2\/product_brand?post=12674"},{"taxonomy":"product_cat","embeddable":true,"href":"https:\/\/cooldogsmanmat.nl\/de\/wp-json\/wp\/v2\/product_cat?post=12674"},{"taxonomy":"product_tag","embeddable":true,"href":"https:\/\/cooldogsmanmat.nl\/de\/wp-json\/wp\/v2\/product_tag?post=12674"}],"curies":[{"name":"wp","href":"https:\/\/api.w.org\/{rel}","templated":true}]}}