{"id":13061,"date":"2025-03-05T15:42:24","date_gmt":"2025-03-05T15:42:24","guid":{"rendered":"https:\/\/cooldogsmanmat.nl\/?post_type=product&#038;p=13061"},"modified":"2026-01-12T12:19:49","modified_gmt":"2026-01-12T12:19:49","slug":"dempers-sterkte-sml-xl","status":"publish","type":"product","link":"https:\/\/cooldogsmanmat.nl\/de\/product\/dampferstarke-sml-xl\/","title":{"rendered":"D\u00e4mpfer St\u00e4rke S,M,L, XL"},"content":{"rendered":"<p>Sehr starker D\u00e4mpfer zur Befestigung zwischen Ihrer Zugleine.<\/p>\n<p>Verf\u00fcgt \u00fcber eine Schutzjacke, die sofort Ihre Notleitung ist, wenn ein Gummibruch auftritt.<\/p>\n<p>Gr\u00f6\u00dfen:<\/p>\n<p>S &#8211; f\u00fcr 2 bis 3 Hunde, wird normalerweise f\u00fcr einen Roller oder ein Fahrrad verwendet<\/p>\n<p>M &#8211; f\u00fcr 4 bis 6 Hunde, je nach St\u00e4rke der Hunde<\/p>\n<p>L &#8211; f\u00fcr 6 bis 8 Hunde, je nach St\u00e4rke der Hunde<\/p>\n<p>XL &#8211; ab 8 Hunden, je nach St\u00e4rke der Hunde<\/p>\n<p>Gr\u00f6\u00dfe XL wird normalerweise bis zu etwa 12 Hunden verwendet, mit einem gr\u00f6\u00dferen Team k\u00f6nnen Sie m\u00f6glicherweise<br \/>\nF\u00fcr zus\u00e4tzliche D\u00e4mpfungsfestigkeit werden 2x Gr\u00f6\u00dfe L oder 2x Gr\u00f6\u00dfe XL nebeneinander verwendet.<\/p>\n","protected":false},"excerpt":{"rendered":"<p>Oersterke demper om tussen je treklijn te bevestigen.<\/p>\n<p>Heeft een beschermende mantel die meteen je noodlijn is mocht een elastiek breken.<\/p>\n<p>Maten :<\/p>\n<p>S &#8211; voor 2 \u00e0 3 honden, wordt meestal gebruikt voor een step of fiets<\/p>\n<p>M &#8211; voor 4 tot 6 honden, afhankelijk van de sterkte van de honden<\/p>\n<p>L &#8211; voor 6 tot 8 honden, afhankelijk van de sterkte van de honden<\/p>\n<p>XL &#8211; vanaf 8 honden, afhankelijk van de sterkte van de honden<\/p>\n<p>De maat XL wordt normaliter gebruikt tot ca. 12 honden, bij een groter team kunnen eventueel<br \/>\n2x een maat L of 2x een maat XL naast elkaar gebruikt worden voor extra sterkte van de demping.<\/p>\n","protected":false},"featured_media":12081,"comment_status":"open","ping_status":"closed","template":"","meta":[],"product_brand":[1189],"product_cat":[977],"product_tag":[],"class_list":{"0":"post-13061","1":"product","2":"type-product","3":"status-publish","4":"has-post-thumbnail","6":"product_brand-manmat","7":"product_cat-dampfer","9":"first","10":"outofstock","11":"taxable","12":"shipping-taxable","13":"purchasable","14":"product-type-variable"},"_links":{"self":[{"href":"https:\/\/cooldogsmanmat.nl\/de\/wp-json\/wp\/v2\/product\/13061","targetHints":{"allow":["GET"]}}],"collection":[{"href":"https:\/\/cooldogsmanmat.nl\/de\/wp-json\/wp\/v2\/product"}],"about":[{"href":"https:\/\/cooldogsmanmat.nl\/de\/wp-json\/wp\/v2\/types\/product"}],"replies":[{"embeddable":true,"href":"https:\/\/cooldogsmanmat.nl\/de\/wp-json\/wp\/v2\/comments?post=13061"}],"wp:featuredmedia":[{"embeddable":true,"href":"https:\/\/cooldogsmanmat.nl\/de\/wp-json\/wp\/v2\/media\/12081"}],"wp:attachment":[{"href":"https:\/\/cooldogsmanmat.nl\/de\/wp-json\/wp\/v2\/media?parent=13061"}],"wp:term":[{"taxonomy":"product_brand","embeddable":true,"href":"https:\/\/cooldogsmanmat.nl\/de\/wp-json\/wp\/v2\/product_brand?post=13061"},{"taxonomy":"product_cat","embeddable":true,"href":"https:\/\/cooldogsmanmat.nl\/de\/wp-json\/wp\/v2\/product_cat?post=13061"},{"taxonomy":"product_tag","embeddable":true,"href":"https:\/\/cooldogsmanmat.nl\/de\/wp-json\/wp\/v2\/product_tag?post=13061"}],"curies":[{"name":"wp","href":"https:\/\/api.w.org\/{rel}","templated":true}]}}